{"id":8395,"date":"2025-07-24T14:11:12","date_gmt":"2025-07-24T14:11:12","guid":{"rendered":"https:\/\/www.irishbeef.be\/pgi\/"},"modified":"2025-10-06T13:35:14","modified_gmt":"2025-10-06T13:35:14","slug":"igp","status":"publish","type":"page","link":"https:\/\/www.irishbeef.be\/fr\/igp\/","title":{"rendered":"IGP"},"content":{"rendered":"","protected":false},"excerpt":{"rendered":"","protected":false},"author":67,"featured_media":0,"parent":0,"menu_order":0,"comment_status":"closed","ping_status":"closed","template":"","meta":{"_acf_changed":false,"footnotes":""},"class_list":["post-8395","page","type-page","status-publish","hentry"],"acf":[],"yoast_head":"<!-- This site is optimized with the Yoast SEO plugin v27.1.1 - https:\/\/yoast.com\/product\/yoast-seo-wordpress\/ -->\n<title>IGP - Belgium Site<\/title>\n<meta name=\"description\" content=\"IGP de l\u2019 Irish Grass Fed BeefL\u2019IGP, ou Indication g\u00e9ographique prot\u00e9g\u00e9e, assure l\u2019origine, la qualit\u00e9 et la tra\u00e7abilit\u00e9 d\u2019un produit.\" \/>\n<meta name=\"robots\" content=\"index, follow, max-snippet:-1, max-image-preview:large, max-video-preview:-1\" \/>\n<link rel=\"canonical\" href=\"https:\/\/www.irishbeef.be\/fr\/igp\/\" \/>\n<meta property=\"og:locale\" content=\"fr_FR\" \/>\n<meta property=\"og:type\" content=\"article\" \/>\n<meta property=\"og:title\" content=\"IGP - Belgium Site\" \/>\n<meta property=\"og:description\" content=\"IGP de l\u2019 Irish Grass Fed BeefL\u2019IGP, ou Indication g\u00e9ographique prot\u00e9g\u00e9e, assure l\u2019origine, la qualit\u00e9 et la tra\u00e7abilit\u00e9 d\u2019un produit.\" \/>\n<meta property=\"og:url\" content=\"https:\/\/www.irishbeef.be\/fr\/igp\/\" \/>\n<meta property=\"og:site_name\" content=\"Belgium Site\" \/>\n<meta property=\"article:modified_time\" content=\"2025-10-06T13:35:14+00:00\" \/>\n<meta name=\"twitter:card\" content=\"summary_large_image\" \/>\n<meta name=\"twitter:label1\" content=\"Dur\u00e9e de lecture estim\u00e9e\" \/>\n\t<meta name=\"twitter:data1\" content=\"6 minutes\" \/>\n<script type=\"application\/ld+json\" class=\"yoast-schema-graph\">{\"@context\":\"https:\/\/schema.org\",\"@graph\":[{\"@type\":\"WebPage\",\"@id\":\"https:\/\/www.irishbeef.be\/fr\/igp\/\",\"url\":\"https:\/\/www.irishbeef.be\/fr\/igp\/\",\"name\":\"IGP - Belgium Site\",\"isPartOf\":{\"@id\":\"https:\/\/www.irishbeef.be\/fr\/#website\"},\"datePublished\":\"2025-07-24T14:11:12+00:00\",\"dateModified\":\"2025-10-06T13:35:14+00:00\",\"description\":\"IGP de l\u2019 Irish Grass Fed BeefL\u2019IGP, ou Indication g\u00e9ographique prot\u00e9g\u00e9e, assure l\u2019origine, la qualit\u00e9 et la tra\u00e7abilit\u00e9 d\u2019un produit.\",\"breadcrumb\":{\"@id\":\"https:\/\/www.irishbeef.be\/fr\/igp\/#breadcrumb\"},\"inLanguage\":\"fr-FR\",\"potentialAction\":[{\"@type\":\"ReadAction\",\"target\":[\"https:\/\/www.irishbeef.be\/fr\/igp\/\"]}]},{\"@type\":\"BreadcrumbList\",\"@id\":\"https:\/\/www.irishbeef.be\/fr\/igp\/#breadcrumb\",\"itemListElement\":[{\"@type\":\"ListItem\",\"position\":1,\"name\":\"Home\",\"item\":\"https:\/\/www.irishbeef.be\/fr\/\"},{\"@type\":\"ListItem\",\"position\":2,\"name\":\"IGP\"}]},{\"@type\":\"WebSite\",\"@id\":\"https:\/\/www.irishbeef.be\/fr\/#website\",\"url\":\"https:\/\/www.irishbeef.be\/fr\/\",\"name\":\"Belgium Site\",\"description\":\"\",\"publisher\":{\"@id\":\"https:\/\/www.irishbeef.be\/fr\/#organization\"},\"potentialAction\":[{\"@type\":\"SearchAction\",\"target\":{\"@type\":\"EntryPoint\",\"urlTemplate\":\"https:\/\/www.irishbeef.be\/fr\/?s={search_term_string}\"},\"query-input\":{\"@type\":\"PropertyValueSpecification\",\"valueRequired\":true,\"valueName\":\"search_term_string\"}}],\"inLanguage\":\"fr-FR\"},{\"@type\":\"Organization\",\"@id\":\"https:\/\/www.irishbeef.be\/fr\/#organization\",\"name\":\"Belgium Site\",\"url\":\"https:\/\/www.irishbeef.be\/fr\/\",\"logo\":{\"@type\":\"ImageObject\",\"inLanguage\":\"fr-FR\",\"@id\":\"https:\/\/www.irishbeef.be\/fr\/#\/schema\/logo\/image\/\",\"url\":\"https:\/\/www.irishbeef.be\/wp-content\/uploads\/2025\/10\/cropped-be.png\",\"contentUrl\":\"https:\/\/www.irishbeef.be\/wp-content\/uploads\/2025\/10\/cropped-be.png\",\"width\":400,\"height\":357,\"caption\":\"Belgium Site\"},\"image\":{\"@id\":\"https:\/\/www.irishbeef.be\/fr\/#\/schema\/logo\/image\/\"}}]}<\/script>\n<!-- \/ Yoast SEO plugin. -->","yoast_head_json":{"title":"IGP - Belgium Site","description":"IGP de l\u2019 Irish Grass Fed BeefL\u2019IGP, ou Indication g\u00e9ographique prot\u00e9g\u00e9e, assure l\u2019origine, la qualit\u00e9 et la tra\u00e7abilit\u00e9 d\u2019un produit.","robots":{"index":"index","follow":"follow","max-snippet":"max-snippet:-1","max-image-preview":"max-image-preview:large","max-video-preview":"max-video-preview:-1"},"canonical":"https:\/\/www.irishbeef.be\/fr\/igp\/","og_locale":"fr_FR","og_type":"article","og_title":"IGP - Belgium Site","og_description":"IGP de l\u2019 Irish Grass Fed BeefL\u2019IGP, ou Indication g\u00e9ographique prot\u00e9g\u00e9e, assure l\u2019origine, la qualit\u00e9 et la tra\u00e7abilit\u00e9 d\u2019un produit.","og_url":"https:\/\/www.irishbeef.be\/fr\/igp\/","og_site_name":"Belgium Site","article_modified_time":"2025-10-06T13:35:14+00:00","twitter_card":"summary_large_image","twitter_misc":{"Dur\u00e9e de lecture estim\u00e9e":"6 minutes"},"schema":{"@context":"https:\/\/schema.org","@graph":[{"@type":"WebPage","@id":"https:\/\/www.irishbeef.be\/fr\/igp\/","url":"https:\/\/www.irishbeef.be\/fr\/igp\/","name":"IGP - Belgium Site","isPartOf":{"@id":"https:\/\/www.irishbeef.be\/fr\/#website"},"datePublished":"2025-07-24T14:11:12+00:00","dateModified":"2025-10-06T13:35:14+00:00","description":"IGP de l\u2019 Irish Grass Fed BeefL\u2019IGP, ou Indication g\u00e9ographique prot\u00e9g\u00e9e, assure l\u2019origine, la qualit\u00e9 et la tra\u00e7abilit\u00e9 d\u2019un produit.","breadcrumb":{"@id":"https:\/\/www.irishbeef.be\/fr\/igp\/#breadcrumb"},"inLanguage":"fr-FR","potentialAction":[{"@type":"ReadAction","target":["https:\/\/www.irishbeef.be\/fr\/igp\/"]}]},{"@type":"BreadcrumbList","@id":"https:\/\/www.irishbeef.be\/fr\/igp\/#breadcrumb","itemListElement":[{"@type":"ListItem","position":1,"name":"Home","item":"https:\/\/www.irishbeef.be\/fr\/"},{"@type":"ListItem","position":2,"name":"IGP"}]},{"@type":"WebSite","@id":"https:\/\/www.irishbeef.be\/fr\/#website","url":"https:\/\/www.irishbeef.be\/fr\/","name":"Belgium Site","description":"","publisher":{"@id":"https:\/\/www.irishbeef.be\/fr\/#organization"},"potentialAction":[{"@type":"SearchAction","target":{"@type":"EntryPoint","urlTemplate":"https:\/\/www.irishbeef.be\/fr\/?s={search_term_string}"},"query-input":{"@type":"PropertyValueSpecification","valueRequired":true,"valueName":"search_term_string"}}],"inLanguage":"fr-FR"},{"@type":"Organization","@id":"https:\/\/www.irishbeef.be\/fr\/#organization","name":"Belgium Site","url":"https:\/\/www.irishbeef.be\/fr\/","logo":{"@type":"ImageObject","inLanguage":"fr-FR","@id":"https:\/\/www.irishbeef.be\/fr\/#\/schema\/logo\/image\/","url":"https:\/\/www.irishbeef.be\/wp-content\/uploads\/2025\/10\/cropped-be.png","contentUrl":"https:\/\/www.irishbeef.be\/wp-content\/uploads\/2025\/10\/cropped-be.png","width":400,"height":357,"caption":"Belgium Site"},"image":{"@id":"https:\/\/www.irishbeef.be\/fr\/#\/schema\/logo\/image\/"}}]}},"_links":{"self":[{"href":"https:\/\/www.irishbeef.be\/fr\/wp-json\/wp\/v2\/pages\/8395","targetHints":{"allow":["GET"]}}],"collection":[{"href":"https:\/\/www.irishbeef.be\/fr\/wp-json\/wp\/v2\/pages"}],"about":[{"href":"https:\/\/www.irishbeef.be\/fr\/wp-json\/wp\/v2\/types\/page"}],"author":[{"embeddable":true,"href":"https:\/\/www.irishbeef.be\/fr\/wp-json\/wp\/v2\/users\/67"}],"replies":[{"embeddable":true,"href":"https:\/\/www.irishbeef.be\/fr\/wp-json\/wp\/v2\/comments?post=8395"}],"version-history":[{"count":12,"href":"https:\/\/www.irishbeef.be\/fr\/wp-json\/wp\/v2\/pages\/8395\/revisions"}],"predecessor-version":[{"id":9805,"href":"https:\/\/www.irishbeef.be\/fr\/wp-json\/wp\/v2\/pages\/8395\/revisions\/9805"}],"wp:attachment":[{"href":"https:\/\/www.irishbeef.be\/fr\/wp-json\/wp\/v2\/media?parent=8395"}],"curies":[{"name":"wp","href":"https:\/\/api.w.org\/{rel}","templated":true}]}}