{"id":8470,"date":"2025-07-28T09:23:46","date_gmt":"2025-07-28T09:23:46","guid":{"rendered":"https:\/\/www.irishbeef.be\/bbq-2\/"},"modified":"2025-09-11T14:26:01","modified_gmt":"2025-09-11T14:26:01","slug":"barbecue","status":"publish","type":"page","link":"https:\/\/www.irishbeef.be\/fr\/barbecue\/","title":{"rendered":"Barbecue"},"content":{"rendered":"","protected":false},"excerpt":{"rendered":"","protected":false},"author":67,"featured_media":0,"parent":0,"menu_order":0,"comment_status":"closed","ping_status":"closed","template":"","meta":{"_acf_changed":false,"footnotes":""},"class_list":["post-8470","page","type-page","status-publish","hentry"],"acf":[],"yoast_head":"<!-- This site is optimized with the Yoast SEO plugin v27.1.1 - https:\/\/yoast.com\/product\/yoast-seo-wordpress\/ -->\n<title>Barbecue - Belgium Site<\/title>\n<meta name=\"description\" content=\"Les choses \u00e0 faire et \u00e0 ne pas faireVoici comment griller parfaitement votre d\u00e9licieux steak irlandais : ortez votre steak irlandais...\" \/>\n<meta name=\"robots\" content=\"index, follow, max-snippet:-1, max-image-preview:large, max-video-preview:-1\" \/>\n<link rel=\"canonical\" href=\"https:\/\/www.irishbeef.be\/fr\/barbecue\/\" \/>\n<meta property=\"og:locale\" content=\"fr_FR\" \/>\n<meta property=\"og:type\" content=\"article\" \/>\n<meta property=\"og:title\" content=\"Barbecue - Belgium Site\" \/>\n<meta property=\"og:description\" content=\"Les choses \u00e0 faire et \u00e0 ne pas faireVoici comment griller parfaitement votre d\u00e9licieux steak irlandais : ortez votre steak irlandais...\" \/>\n<meta property=\"og:url\" content=\"https:\/\/www.irishbeef.be\/fr\/barbecue\/\" \/>\n<meta property=\"og:site_name\" content=\"Belgium Site\" \/>\n<meta property=\"article:modified_time\" content=\"2025-09-11T14:26:01+00:00\" \/>\n<meta name=\"twitter:card\" content=\"summary_large_image\" \/>\n<meta name=\"twitter:label1\" content=\"Dur\u00e9e de lecture estim\u00e9e\" \/>\n\t<meta name=\"twitter:data1\" content=\"7 minutes\" \/>\n<script type=\"application\/ld+json\" class=\"yoast-schema-graph\">{\"@context\":\"https:\/\/schema.org\",\"@graph\":[{\"@type\":\"WebPage\",\"@id\":\"https:\/\/www.irishbeef.be\/fr\/barbecue\/\",\"url\":\"https:\/\/www.irishbeef.be\/fr\/barbecue\/\",\"name\":\"Barbecue - Belgium Site\",\"isPartOf\":{\"@id\":\"https:\/\/www.irishbeef.be\/fr\/#website\"},\"datePublished\":\"2025-07-28T09:23:46+00:00\",\"dateModified\":\"2025-09-11T14:26:01+00:00\",\"description\":\"Les choses \u00e0 faire et \u00e0 ne pas faireVoici comment griller parfaitement votre d\u00e9licieux steak irlandais : ortez votre steak irlandais...\",\"breadcrumb\":{\"@id\":\"https:\/\/www.irishbeef.be\/fr\/barbecue\/#breadcrumb\"},\"inLanguage\":\"fr-FR\",\"potentialAction\":[{\"@type\":\"ReadAction\",\"target\":[\"https:\/\/www.irishbeef.be\/fr\/barbecue\/\"]}]},{\"@type\":\"BreadcrumbList\",\"@id\":\"https:\/\/www.irishbeef.be\/fr\/barbecue\/#breadcrumb\",\"itemListElement\":[{\"@type\":\"ListItem\",\"position\":1,\"name\":\"Home\",\"item\":\"https:\/\/www.irishbeef.be\/fr\/\"},{\"@type\":\"ListItem\",\"position\":2,\"name\":\"Barbecue\"}]},{\"@type\":\"WebSite\",\"@id\":\"https:\/\/www.irishbeef.be\/fr\/#website\",\"url\":\"https:\/\/www.irishbeef.be\/fr\/\",\"name\":\"Belgium Site\",\"description\":\"\",\"publisher\":{\"@id\":\"https:\/\/www.irishbeef.be\/fr\/#organization\"},\"potentialAction\":[{\"@type\":\"SearchAction\",\"target\":{\"@type\":\"EntryPoint\",\"urlTemplate\":\"https:\/\/www.irishbeef.be\/fr\/?s={search_term_string}\"},\"query-input\":{\"@type\":\"PropertyValueSpecification\",\"valueRequired\":true,\"valueName\":\"search_term_string\"}}],\"inLanguage\":\"fr-FR\"},{\"@type\":\"Organization\",\"@id\":\"https:\/\/www.irishbeef.be\/fr\/#organization\",\"name\":\"Belgium Site\",\"url\":\"https:\/\/www.irishbeef.be\/fr\/\",\"logo\":{\"@type\":\"ImageObject\",\"inLanguage\":\"fr-FR\",\"@id\":\"https:\/\/www.irishbeef.be\/fr\/#\/schema\/logo\/image\/\",\"url\":\"https:\/\/www.irishbeef.be\/wp-content\/uploads\/2025\/10\/cropped-be.png\",\"contentUrl\":\"https:\/\/www.irishbeef.be\/wp-content\/uploads\/2025\/10\/cropped-be.png\",\"width\":400,\"height\":357,\"caption\":\"Belgium Site\"},\"image\":{\"@id\":\"https:\/\/www.irishbeef.be\/fr\/#\/schema\/logo\/image\/\"}}]}<\/script>\n<!-- \/ Yoast SEO plugin. -->","yoast_head_json":{"title":"Barbecue - Belgium Site","description":"Les choses \u00e0 faire et \u00e0 ne pas faireVoici comment griller parfaitement votre d\u00e9licieux steak irlandais : ortez votre steak irlandais...","robots":{"index":"index","follow":"follow","max-snippet":"max-snippet:-1","max-image-preview":"max-image-preview:large","max-video-preview":"max-video-preview:-1"},"canonical":"https:\/\/www.irishbeef.be\/fr\/barbecue\/","og_locale":"fr_FR","og_type":"article","og_title":"Barbecue - Belgium Site","og_description":"Les choses \u00e0 faire et \u00e0 ne pas faireVoici comment griller parfaitement votre d\u00e9licieux steak irlandais : ortez votre steak irlandais...","og_url":"https:\/\/www.irishbeef.be\/fr\/barbecue\/","og_site_name":"Belgium Site","article_modified_time":"2025-09-11T14:26:01+00:00","twitter_card":"summary_large_image","twitter_misc":{"Dur\u00e9e de lecture estim\u00e9e":"7 minutes"},"schema":{"@context":"https:\/\/schema.org","@graph":[{"@type":"WebPage","@id":"https:\/\/www.irishbeef.be\/fr\/barbecue\/","url":"https:\/\/www.irishbeef.be\/fr\/barbecue\/","name":"Barbecue - Belgium Site","isPartOf":{"@id":"https:\/\/www.irishbeef.be\/fr\/#website"},"datePublished":"2025-07-28T09:23:46+00:00","dateModified":"2025-09-11T14:26:01+00:00","description":"Les choses \u00e0 faire et \u00e0 ne pas faireVoici comment griller parfaitement votre d\u00e9licieux steak irlandais : ortez votre steak irlandais...","breadcrumb":{"@id":"https:\/\/www.irishbeef.be\/fr\/barbecue\/#breadcrumb"},"inLanguage":"fr-FR","potentialAction":[{"@type":"ReadAction","target":["https:\/\/www.irishbeef.be\/fr\/barbecue\/"]}]},{"@type":"BreadcrumbList","@id":"https:\/\/www.irishbeef.be\/fr\/barbecue\/#breadcrumb","itemListElement":[{"@type":"ListItem","position":1,"name":"Home","item":"https:\/\/www.irishbeef.be\/fr\/"},{"@type":"ListItem","position":2,"name":"Barbecue"}]},{"@type":"WebSite","@id":"https:\/\/www.irishbeef.be\/fr\/#website","url":"https:\/\/www.irishbeef.be\/fr\/","name":"Belgium Site","description":"","publisher":{"@id":"https:\/\/www.irishbeef.be\/fr\/#organization"},"potentialAction":[{"@type":"SearchAction","target":{"@type":"EntryPoint","urlTemplate":"https:\/\/www.irishbeef.be\/fr\/?s={search_term_string}"},"query-input":{"@type":"PropertyValueSpecification","valueRequired":true,"valueName":"search_term_string"}}],"inLanguage":"fr-FR"},{"@type":"Organization","@id":"https:\/\/www.irishbeef.be\/fr\/#organization","name":"Belgium Site","url":"https:\/\/www.irishbeef.be\/fr\/","logo":{"@type":"ImageObject","inLanguage":"fr-FR","@id":"https:\/\/www.irishbeef.be\/fr\/#\/schema\/logo\/image\/","url":"https:\/\/www.irishbeef.be\/wp-content\/uploads\/2025\/10\/cropped-be.png","contentUrl":"https:\/\/www.irishbeef.be\/wp-content\/uploads\/2025\/10\/cropped-be.png","width":400,"height":357,"caption":"Belgium Site"},"image":{"@id":"https:\/\/www.irishbeef.be\/fr\/#\/schema\/logo\/image\/"}}]}},"_links":{"self":[{"href":"https:\/\/www.irishbeef.be\/fr\/wp-json\/wp\/v2\/pages\/8470","targetHints":{"allow":["GET"]}}],"collection":[{"href":"https:\/\/www.irishbeef.be\/fr\/wp-json\/wp\/v2\/pages"}],"about":[{"href":"https:\/\/www.irishbeef.be\/fr\/wp-json\/wp\/v2\/types\/page"}],"author":[{"embeddable":true,"href":"https:\/\/www.irishbeef.be\/fr\/wp-json\/wp\/v2\/users\/67"}],"replies":[{"embeddable":true,"href":"https:\/\/www.irishbeef.be\/fr\/wp-json\/wp\/v2\/comments?post=8470"}],"version-history":[{"count":10,"href":"https:\/\/www.irishbeef.be\/fr\/wp-json\/wp\/v2\/pages\/8470\/revisions"}],"predecessor-version":[{"id":9684,"href":"https:\/\/www.irishbeef.be\/fr\/wp-json\/wp\/v2\/pages\/8470\/revisions\/9684"}],"wp:attachment":[{"href":"https:\/\/www.irishbeef.be\/fr\/wp-json\/wp\/v2\/media?parent=8470"}],"curies":[{"name":"wp","href":"https:\/\/api.w.org\/{rel}","templated":true}]}}